{"id":10,"date":"2012-03-01T13:03:55","date_gmt":"2012-03-01T13:03:55","guid":{"rendered":"http:\/\/ardanaz.concejos.animsa.es\/?page_id=10"},"modified":"2025-08-12T08:51:30","modified_gmt":"2025-08-12T06:51:30","slug":"telefonos","status":"publish","type":"page","link":"http:\/\/www.zubieta.eus\/es\/telefonos\/","title":{"rendered":"TEL\u00c9FONOS"},"content":{"rendered":"<p><\/p>\n<ul class=\"elementolistado\">\n<li>\u00a0<strong>AYUNTAMIENTO DE ZUBIETA<br \/>\nDirecci\u00f3n<\/strong> : Calle Ortzadar\u00a0 8-1\u00ba C.P. 31746 Zubieta (NAVARRA)<br \/>\n<strong>Tel\u00e9fono<\/strong> : 948 45 01 61-609 00 10 73<br \/>\n<strong>E<\/strong><strong>mail<\/strong> : <a class=\"enlace\" title=\"Abrir\u00e1 su cliente de correo predeterminado\" href=\"mailto:udala@zubieta.es\">udala@zubieta.eus<\/a><\/li>\n<li><strong>CONSULTORIO M\u00c9DICO<\/strong><strong><br \/>\nDirecci\u00f3n<\/strong> :Calle Ortzadar 8 c.p. 31746 Zubieta (NAVARRA)<br \/>\n<strong>Tel\u00e9fono<\/strong> : 948 63 30 28<\/li>\n<li><strong>\u00a0MOLINO DE ZUBIETA &#8211; ECOMUSEO<\/strong><strong><br \/>\nDirecci\u00f3n<\/strong> : Carretera Santesteban &#8211; Leitza c.p. 31746 Zubieta (NAVARRA)<br \/>\n<strong>Tel\u00e9fono<\/strong> : 948 45 19 26 &#8211; 624 40 66 07<br \/>\n<strong>P\u00e1gina web<\/strong> : <a class=\"enlace abrirventana\" title=\"se abre en nueva ventana\" href=\"http:\/\/www.zubietakoerrota.net\">http:\/\/www.zubietakoerrota.net<\/a><\/li>\n<li><strong>BAR<br \/>\n<\/strong><strong>Direcci\u00f3n<\/strong> :\u00a0 Calle Mayor 23 c.p. 31746 Zubieta (NAVARRA)<br \/>\n<strong>Tel\u00e9fono<\/strong>: 614 740 211<br \/>\n<strong>Pagina web:\u00a0 :\u00a0 \u00a0 <a href=\"https:\/\/zubietaostatua.com\/\">Posada de Zubieta &#8211; Posada de Zubieta<\/a><\/strong><br \/>\n<strong>Gmail<\/strong>: zubietakostatua7@gmail.com<\/li>\n<\/ul>\n<p><\/p>","protected":false},"excerpt":{"rendered":"<p>\u00a0AYUNTAMIENTO DE ZUBIETA Direcci\u00f3n : Calle Ortzadar\u00a0 8-1\u00ba C.P. 31746 Zubieta (NAVARRA) Tel\u00e9fono : 948 45 01 61-609 00 10 73 Email : udala@zubieta.eus CONSULTORIO M\u00c9DICO Direcci\u00f3n :Calle Ortzadar 8 c.p. 31746 Zubieta (NAVARRA) Tel\u00e9fono : 948 63 30 28&hellip; <\/p>\n","protected":false},"author":2,"featured_media":0,"parent":0,"menu_order":5,"comment_status":"closed","ping_status":"closed","template":"","meta":{"_monsterinsights_skip_tracking":false,"_monsterinsights_sitenote_active":false,"_monsterinsights_sitenote_note":"","_monsterinsights_sitenote_category":0,"footnotes":""},"class_list":["post-10","page","type-page","status-publish","hentry"],"yoast_head":"<!-- This site is optimized with the Yoast SEO plugin v26.8 - https:\/\/yoast.com\/product\/yoast-seo-wordpress\/ -->\r\n<title>TEL\u00c9FONOS - Ayuntamiento de Zubieta<\/title>\r\n<meta name=\"robots\" content=\"index, follow, max-snippet:-1, max-image-preview:large, max-video-preview:-1\" \/>\r\n<link rel=\"canonical\" href=\"http:\/\/www.zubieta.eus\/telefonos\/\" \/>\r\n<meta property=\"og:locale\" content=\"es_ES\" \/>\r\n<meta property=\"og:type\" content=\"article\" \/>\r\n<meta property=\"og:title\" content=\"[:eu]TELEFONOAK[:es]TEL\u00c9FONOS[:] - Ayuntamiento de Zubieta\" \/>\r\n<meta property=\"og:description\" content=\"\u00a0AYUNTAMIENTO DE ZUBIETA Direcci\u00f3n : Calle Ortzadar\u00a0 8-1\u00ba C.P. 31746 Zubieta (NAVARRA) Tel\u00e9fono : 948 45 01 61-609 00 10 73 Email : udala@zubieta.eus CONSULTORIO M\u00c9DICO Direcci\u00f3n :Calle Ortzadar 8 c.p. 31746 Zubieta (NAVARRA) Tel\u00e9fono : 948 63 30 28&hellip;\" \/>\r\n<meta property=\"og:url\" content=\"http:\/\/www.zubieta.eus\/telefonos\/\" \/>\r\n<meta property=\"og:site_name\" content=\"Ayuntamiento de Zubieta\" \/>\r\n<meta property=\"article:modified_time\" content=\"2025-08-12T06:51:30+00:00\" \/>\r\n<meta name=\"twitter:card\" content=\"summary_large_image\" \/>\r\n<meta name=\"twitter:label1\" content=\"Tiempo de lectura\" \/>\n\t<meta name=\"twitter:data1\" content=\"1 minuto\" \/>\r\n<script type=\"application\/ld+json\" class=\"yoast-schema-graph\">{\"@context\":\"https:\/\/schema.org\",\"@graph\":[{\"@type\":\"WebPage\",\"@id\":\"http:\/\/www.zubieta.eus\/telefonos\/\",\"url\":\"http:\/\/www.zubieta.eus\/telefonos\/\",\"name\":\"[:eu]TELEFONOAK[:es]TEL\u00c9FONOS[:] - Ayuntamiento de Zubieta\",\"isPartOf\":{\"@id\":\"http:\/\/www.zubieta.eus\/#website\"},\"datePublished\":\"2012-03-01T13:03:55+00:00\",\"dateModified\":\"2025-08-12T06:51:30+00:00\",\"breadcrumb\":{\"@id\":\"http:\/\/www.zubieta.eus\/telefonos\/#breadcrumb\"},\"inLanguage\":\"es\",\"potentialAction\":[{\"@type\":\"ReadAction\",\"target\":[\"http:\/\/www.zubieta.eus\/telefonos\/\"]}]},{\"@type\":\"BreadcrumbList\",\"@id\":\"http:\/\/www.zubieta.eus\/telefonos\/#breadcrumb\",\"itemListElement\":[{\"@type\":\"ListItem\",\"position\":1,\"name\":\"Portada\",\"item\":\"http:\/\/www.zubieta.eus\/\"},{\"@type\":\"ListItem\",\"position\":2,\"name\":\"TELEFONOAK\"}]},{\"@type\":\"WebSite\",\"@id\":\"http:\/\/www.zubieta.eus\/#website\",\"url\":\"http:\/\/www.zubieta.eus\/\",\"name\":\"Ayuntamiento de Zubieta\",\"description\":\"Sitio web del Ayuntamiento de Zubieta\",\"potentialAction\":[{\"@type\":\"SearchAction\",\"target\":{\"@type\":\"EntryPoint\",\"urlTemplate\":\"http:\/\/www.zubieta.eus\/?s={search_term_string}\"},\"query-input\":{\"@type\":\"PropertyValueSpecification\",\"valueRequired\":true,\"valueName\":\"search_term_string\"}}],\"inLanguage\":\"es\"}]}<\/script>\r\n<!-- \/ Yoast SEO plugin. -->","yoast_head_json":{"title":"[:eu]TELEFONOAK[:es]TEL\u00c9FONOS[:] - Ayuntamiento de Zubieta","robots":{"index":"index","follow":"follow","max-snippet":"max-snippet:-1","max-image-preview":"max-image-preview:large","max-video-preview":"max-video-preview:-1"},"canonical":"http:\/\/www.zubieta.eus\/telefonos\/","og_locale":"es_ES","og_type":"article","og_title":"[:eu]TELEFONOAK[:es]TEL\u00c9FONOS[:] - Ayuntamiento de Zubieta","og_description":"\u00a0AYUNTAMIENTO DE ZUBIETA Direcci\u00f3n : Calle Ortzadar\u00a0 8-1\u00ba C.P. 31746 Zubieta (NAVARRA) Tel\u00e9fono : 948 45 01 61-609 00 10 73 Email : udala@zubieta.eus CONSULTORIO M\u00c9DICO Direcci\u00f3n :Calle Ortzadar 8 c.p. 31746 Zubieta (NAVARRA) Tel\u00e9fono : 948 63 30 28&hellip;","og_url":"http:\/\/www.zubieta.eus\/telefonos\/","og_site_name":"Ayuntamiento de Zubieta","article_modified_time":"2025-08-12T06:51:30+00:00","twitter_card":"summary_large_image","twitter_misc":{"Tiempo de lectura":"1 minuto"},"schema":{"@context":"https:\/\/schema.org","@graph":[{"@type":"WebPage","@id":"http:\/\/www.zubieta.eus\/telefonos\/","url":"http:\/\/www.zubieta.eus\/telefonos\/","name":"[:eu]TELEFONOAK[:es]TEL\u00c9FONOS[:] - Ayuntamiento de Zubieta","isPartOf":{"@id":"http:\/\/www.zubieta.eus\/#website"},"datePublished":"2012-03-01T13:03:55+00:00","dateModified":"2025-08-12T06:51:30+00:00","breadcrumb":{"@id":"http:\/\/www.zubieta.eus\/telefonos\/#breadcrumb"},"inLanguage":"es","potentialAction":[{"@type":"ReadAction","target":["http:\/\/www.zubieta.eus\/telefonos\/"]}]},{"@type":"BreadcrumbList","@id":"http:\/\/www.zubieta.eus\/telefonos\/#breadcrumb","itemListElement":[{"@type":"ListItem","position":1,"name":"Portada","item":"http:\/\/www.zubieta.eus\/"},{"@type":"ListItem","position":2,"name":"TELEFONOAK"}]},{"@type":"WebSite","@id":"http:\/\/www.zubieta.eus\/#website","url":"http:\/\/www.zubieta.eus\/","name":"Ayuntamiento de Zubieta","description":"Sitio web del Ayuntamiento de Zubieta","potentialAction":[{"@type":"SearchAction","target":{"@type":"EntryPoint","urlTemplate":"http:\/\/www.zubieta.eus\/?s={search_term_string}"},"query-input":{"@type":"PropertyValueSpecification","valueRequired":true,"valueName":"search_term_string"}}],"inLanguage":"es"}]}},"_links":{"self":[{"href":"http:\/\/www.zubieta.eus\/es\/wp-json\/wp\/v2\/pages\/10","targetHints":{"allow":["GET"]}}],"collection":[{"href":"http:\/\/www.zubieta.eus\/es\/wp-json\/wp\/v2\/pages"}],"about":[{"href":"http:\/\/www.zubieta.eus\/es\/wp-json\/wp\/v2\/types\/page"}],"author":[{"embeddable":true,"href":"http:\/\/www.zubieta.eus\/es\/wp-json\/wp\/v2\/users\/2"}],"replies":[{"embeddable":true,"href":"http:\/\/www.zubieta.eus\/es\/wp-json\/wp\/v2\/comments?post=10"}],"version-history":[{"count":13,"href":"http:\/\/www.zubieta.eus\/es\/wp-json\/wp\/v2\/pages\/10\/revisions"}],"predecessor-version":[{"id":9015,"href":"http:\/\/www.zubieta.eus\/es\/wp-json\/wp\/v2\/pages\/10\/revisions\/9015"}],"wp:attachment":[{"href":"http:\/\/www.zubieta.eus\/es\/wp-json\/wp\/v2\/media?parent=10"}],"curies":[{"name":"wp","href":"https:\/\/api.w.org\/{rel}","templated":true}]}}