{"id":136,"date":"2013-02-08T12:37:07","date_gmt":"2013-02-08T12:37:07","guid":{"rendered":"http:\/\/blog.zuniga.es\/?page_id=136"},"modified":"2017-03-28T11:57:21","modified_gmt":"2017-03-28T11:57:21","slug":"aviso-legal","status":"publish","type":"page","link":"http:\/\/www.zubieta.eus\/es\/general\/aviso-legal\/","title":{"rendered":"Aviso Legal"},"content":{"rendered":"<p>\u00daltima actualizaci\u00f3n: Junio de 2015<\/p>\n<p><strong>INFORMACI\u00d3N GENERAL<\/strong><\/p>\n<p>De conformidad con lo dispuesto en el art\u00edculo 10 de la Ley 34\/2002, de 11 de julio, de Servicios de la Sociedad de la Informaci\u00f3n y de Comercio Electr\u00f3nico, se informa al usuario de que el presente sitio Web es propiedad de:<\/p>\n<ul>\n<li>Raz\u00f3n Social: <strong>Ayuntamiento de Zubieta.<\/strong> (en adelante, La entidad).<\/li>\n<li>Domicilio: Calle Mayor C.P.: 31746 Zubieta, Navarra<\/li>\n<li>Tel\u00e9fono: 948 450 161<\/li>\n<li>Correo electr\u00f3nico: <a title=\"udala@zubieta.eus\" href=\"mailto:udala@zubieta.eus\"> udala@zubieta.eus<\/a><\/li>\n<\/ul>\n<p><strong>TERMINOS Y CONDICIONES<\/strong><\/p>\n<p>El acceso a este Sitio Web y a cualquiera de sus p\u00e1ginas supone conocer y aceptar las advertencias legales, condiciones y t\u00e9rminos de uso que figuran a continuaci\u00f3n.<\/p>\n<p>Las presentes Condiciones y todas las relaciones que se establezcan con el usuario de la web se regir\u00e1n por la legislaci\u00f3n espa\u00f1ola.<\/p>\n<p>La entidad se reserva la facultad de modificar unilateralmente las condiciones y t\u00e9rminos de uso de este Sitio Web. Cualquier modificaci\u00f3n de los mismos se anunciar\u00e1 convenientemente a trav\u00e9s de esta p\u00e1gina y ser\u00e1 efectiva desde el momento de su publicaci\u00f3n.<\/p>\n<ol>\n<li><strong>PROPIEDAD INTELECTUAL<\/strong><\/li>\n<\/ol>\n<p>La totalidad de este portal y las partes que lo componen se encuentran protegidas por las leyes espa\u00f1olas e internacionales sobre propiedad Intelectual e Industrial.<\/p>\n<p>Todos los derechos derivados de la propiedad intelectual est\u00e1n expresamente reservados por la entidad.<\/p>\n<p>Queda prohibida la reproducci\u00f3n total o parcial de este portal sin el permiso expreso y por escrito la entidad. Cualquier utilizaci\u00f3n de este portal o de sus contenidos contraria a la normativa vigente podr\u00e1 ser perseguida.<\/p>\n<ol start=\"2\">\n<li><strong>LIMITACI\u00d3N DE RESPONSABILIDAD<\/strong><\/li>\n<\/ol>\n<p>Este portal contiene informaci\u00f3n recogida de buena fe, de fuentes que considera fiables. Sin embargo, este portal y sus contenidos no suponen garant\u00eda de ning\u00fan tipo, ni expresa ni impl\u00edcita, por parte la entidad.<\/p>\n<p>La entidad no garantiza que sus p\u00e1ginas se encuentren operativas, ni que sus contenidos sean completos, exactos o fiables en todo momento.<\/p>\n<p>La entidad no se hace responsable de los da\u00f1os o perjuicios, directos o indirectos, derivados del uso de este portal, incluidos da\u00f1os a sistemas inform\u00e1ticos, introducci\u00f3n de virus y da\u00f1os originados por cualquier decisi\u00f3n tomada en base a la informaci\u00f3n contenida en el mismo. La entidad recomienda solicitar confirmaci\u00f3n escrita de la informaci\u00f3n, en caso de necesidad.<\/p>\n<p>Igualmente, la entidad tampoco se responsabiliza de los contenidos, productos o servicios que puedan visualizarse mediante enlaces electr\u00f3nicos (links), directa o indirectamente, a trav\u00e9s de este Sitio Web. Estos enlaces no representan ning\u00fan tipo de relaci\u00f3n entre la entidad y particulares o entidades titulares de las p\u00e1ginas a las que dan acceso.<\/p>\n<ol start=\"3\">\n<li><strong>LIMITACIONES DE USO<\/strong><\/li>\n<\/ol>\n<p>Los usuarios deber\u00e1n utilizar la informaci\u00f3n contenida en este portal en cumplimiento de la legislaci\u00f3n aplicable en cada caso. En ning\u00fan caso la entidad ser\u00e1 responsable del uso inadecuado de este portal o de sus contenidos, o de las consecuencias que dicho uso pueda originar.<\/p>\n<ol start=\"4\">\n<li><strong>NORMAS DE SEGURIDAD<\/strong><\/li>\n<\/ol>\n<p>La entidad, al objeto de garantizar la seguridad de los sistemas que soportan el Sitio Web y la integridad de la informaci\u00f3n suministrada, ha implementado las medidas de car\u00e1cter organizativo, t\u00e9cnicas y legales requeridas por la legislaci\u00f3n aplicable en particular las establecidas por la Ley Org\u00e1nica 15\/1999, de 13 de diciembre, de Protecci\u00f3n de Datos de Car\u00e1cter Personal (LOPD) y las normas que la desarrollan. (Ver Pol\u00edtica de Privacidad).<\/p>\n<ol start=\"5\">\n<li><strong>POL\u00cdTICA DE COOKIES<\/strong><\/li>\n<\/ol>\n<p>Este sitio web utiliza cookies t\u00e9cnicas, de personalizaci\u00f3n y de an\u00e1lisis para optimizar tu navegaci\u00f3n, adaptarse a tus preferencias y realizar labores anal\u00edticas. Al continuar navegando aceptas nuestra Pol\u00edtica de Cookies. (Ver Informaci\u00f3n sobre Uso de Cookies).<\/p>\n<ol start=\"6\">\n<li><strong>POL\u00cdTICA DE PRIVACIDAD<\/strong><\/li>\n<\/ol>\n<p>De conformidad con lo dispuesto en la Ley Org\u00e1nica 15\/1999, de 13 de diciembre, de Protecci\u00f3n de Datos de Car\u00e1cter Personal, se informa al usuario que los datos que en su caso facilite a trav\u00e9s de los formularios existentes en la p\u00e1gina Web van a ser incorporados para su tratamiento al fichero Gesti\u00f3n Web, titularidad del Ayuntamiento de Zubieta (en adelante, la entidad), con la finalidad de atender las peticiones de contacto.<\/p>\n<p>Mediante el suministro de sus datos, el usuario autoriza el tratamiento automatizado de los mismos con los fines indicados por el portal en cada caso. El usuario que facilite sus datos personales es el \u00fanico responsable de la veracidad y correcci\u00f3n de los datos incluidos, quedando la entidad exonerado de cualquier responsabilidad al respecto.<\/p>\n<p>Tan solo se almacenan los datos personales que el usuario voluntariamente ha facilitado al registrarse.<\/p>\n<p>De acuerdo con lo dispuesto en el art\u00edculo 5 de la Ley Org\u00e1nica 15\/1999 se le comunica que respecto a los datos de car\u00e1cter personal recogidos para su tratamiento tiene la posibilidad de ejercitar los derechos de acceso, rectificaci\u00f3n, cancelaci\u00f3n y oposici\u00f3n (ARCO), en los t\u00e9rminos que suscribe la legislaci\u00f3n vigente.<\/p>\n<p>Para ejercitarlos se debe realizar solicitud por escrito o correo electr\u00f3nico, aportando fotocopia del DNI o documento equivalente que acredite la identidad, identificando en el mismo Derechos ARCO, a la siguiente direcci\u00f3n.<\/p>\n<p><strong>Ayuntamiento de Zubieta<\/strong><br \/>\nDirecci\u00f3n postal:<strong> Calle Mayor C.P.: 31746 Zubieta, Navarra<\/strong><br \/>\nTel\u00e9fono: 948 450 161<br \/>\n<strong>udala@zubieta.eus<\/strong><\/p>\n<p>Para ello pueden utilizarse los siguientes modelos:<\/p>\n<p>&#8211; <a href=\"https:\/\/www.aepd.es\/media\/formularios\/formulario-derecho-de-acceso.pdf\" class=\"mtli_attachment mtli_pdf\">Modelo para el ejercicio del derecho de ACCESO<\/a><\/p>\n<p>&#8211; <a href=\"https:\/\/www.aepd.es\/media\/formularios\/formulario-derecho-de-rectificacion.pdf\" class=\"mtli_attachment mtli_pdf\">Modelo para el ejercicio del derecho de RECTIFICACI\u00d3N<\/a><\/p>\n<p>&#8211; <a href=\"https:\/\/www.aepd.es\/media\/formularios\/formulario-derecho-de-supresion.pdf\" class=\"mtli_attachment mtli_pdf\">Modelo para el ejercicio del derecho de CANCELACION<\/a><\/p>\n<p>Los ficheros que contienen datos de car\u00e1cter personal y cuya titularidad corresponde a la entidad, est\u00e1n inscritos en el Registro General de la Agencia Espa\u00f1ola de Protecci\u00f3n de Datos y puede ser consultado en esta direcci\u00f3n: <a href=\"http:\/\/www.agpd.es\/portalwebAGPD\/ficheros_inscritos\/index-ides-idphp.php\">http:\/\/www.agpd.es\/portalwebAGPD\/ficheros_inscritos\/index-ides-idphp.php<\/a><\/p>","protected":false},"excerpt":{"rendered":"<p>\u00daltima actualizaci\u00f3n: Junio de 2015 INFORMACI\u00d3N GENERAL De conformidad con lo dispuesto en el art\u00edculo 10 de la Ley 34\/2002, de 11 de julio, de Servicios de la Sociedad de la Informaci\u00f3n y de Comercio Electr\u00f3nico, se informa al usuario&hellip; <\/p>\n","protected":false},"author":2,"featured_media":0,"parent":505,"menu_order":1,"comment_status":"closed","ping_status":"closed","template":"","meta":{"_monsterinsights_skip_tracking":false,"_monsterinsights_sitenote_active":false,"_monsterinsights_sitenote_note":"","_monsterinsights_sitenote_category":0,"footnotes":""},"class_list":["post-136","page","type-page","status-publish","hentry"],"yoast_head":"<!-- This site is optimized with the Yoast SEO plugin v26.8 - https:\/\/yoast.com\/product\/yoast-seo-wordpress\/ -->\r\n<title>Legezko AbisuaAviso Legal - Ayuntamiento de Zubieta<\/title>\r\n<meta name=\"robots\" content=\"index, follow, max-snippet:-1, max-image-preview:large, max-video-preview:-1\" \/>\r\n<link rel=\"canonical\" href=\"http:\/\/www.zubieta.eus\/general\/aviso-legal\/\" \/>\r\n<meta property=\"og:locale\" content=\"es_ES\" \/>\r\n<meta property=\"og:type\" content=\"article\" \/>\r\n<meta property=\"og:title\" content=\"Legezko AbisuaAviso Legal - Ayuntamiento de Zubieta\" \/>\r\n<meta property=\"og:description\" content=\"\u00daltima actualizaci\u00f3n: Junio de 2015 INFORMACI\u00d3N GENERAL De conformidad con lo dispuesto en el art\u00edculo 10 de la Ley 34\/2002, de 11 de julio, de Servicios de la Sociedad de la Informaci\u00f3n y de Comercio Electr\u00f3nico, se informa al usuario&hellip;\" \/>\r\n<meta property=\"og:url\" content=\"http:\/\/www.zubieta.eus\/general\/aviso-legal\/\" \/>\r\n<meta property=\"og:site_name\" content=\"Ayuntamiento de Zubieta\" \/>\r\n<meta property=\"article:modified_time\" content=\"2017-03-28T11:57:21+00:00\" \/>\r\n<meta name=\"twitter:card\" content=\"summary_large_image\" \/>\r\n<meta name=\"twitter:label1\" content=\"Tiempo de lectura\" \/>\n\t<meta name=\"twitter:data1\" content=\"8 minutos\" \/>\r\n<script type=\"application\/ld+json\" class=\"yoast-schema-graph\">{\"@context\":\"https:\/\/schema.org\",\"@graph\":[{\"@type\":\"WebPage\",\"@id\":\"http:\/\/www.zubieta.eus\/general\/aviso-legal\/\",\"url\":\"http:\/\/www.zubieta.eus\/general\/aviso-legal\/\",\"name\":\"Legezko AbisuaAviso Legal - Ayuntamiento de Zubieta\",\"isPartOf\":{\"@id\":\"http:\/\/www.zubieta.eus\/#website\"},\"datePublished\":\"2013-02-08T12:37:07+00:00\",\"dateModified\":\"2017-03-28T11:57:21+00:00\",\"breadcrumb\":{\"@id\":\"http:\/\/www.zubieta.eus\/general\/aviso-legal\/#breadcrumb\"},\"inLanguage\":\"es\",\"potentialAction\":[{\"@type\":\"ReadAction\",\"target\":[\"http:\/\/www.zubieta.eus\/general\/aviso-legal\/\"]}]},{\"@type\":\"BreadcrumbList\",\"@id\":\"http:\/\/www.zubieta.eus\/general\/aviso-legal\/#breadcrumb\",\"itemListElement\":[{\"@type\":\"ListItem\",\"position\":1,\"name\":\"Portada\",\"item\":\"http:\/\/www.zubieta.eus\/\"},{\"@type\":\"ListItem\",\"position\":2,\"name\":\"general\",\"item\":\"http:\/\/www.zubieta.eus\/general\/\"},{\"@type\":\"ListItem\",\"position\":3,\"name\":\"Legezko Abisua\"}]},{\"@type\":\"WebSite\",\"@id\":\"http:\/\/www.zubieta.eus\/#website\",\"url\":\"http:\/\/www.zubieta.eus\/\",\"name\":\"Ayuntamiento de Zubieta\",\"description\":\"Sitio web del Ayuntamiento de Zubieta\",\"potentialAction\":[{\"@type\":\"SearchAction\",\"target\":{\"@type\":\"EntryPoint\",\"urlTemplate\":\"http:\/\/www.zubieta.eus\/?s={search_term_string}\"},\"query-input\":{\"@type\":\"PropertyValueSpecification\",\"valueRequired\":true,\"valueName\":\"search_term_string\"}}],\"inLanguage\":\"es\"}]}<\/script>\r\n<!-- \/ Yoast SEO plugin. -->","yoast_head_json":{"title":"Legezko AbisuaAviso Legal - Ayuntamiento de Zubieta","robots":{"index":"index","follow":"follow","max-snippet":"max-snippet:-1","max-image-preview":"max-image-preview:large","max-video-preview":"max-video-preview:-1"},"canonical":"http:\/\/www.zubieta.eus\/general\/aviso-legal\/","og_locale":"es_ES","og_type":"article","og_title":"Legezko AbisuaAviso Legal - Ayuntamiento de Zubieta","og_description":"\u00daltima actualizaci\u00f3n: Junio de 2015 INFORMACI\u00d3N GENERAL De conformidad con lo dispuesto en el art\u00edculo 10 de la Ley 34\/2002, de 11 de julio, de Servicios de la Sociedad de la Informaci\u00f3n y de Comercio Electr\u00f3nico, se informa al usuario&hellip;","og_url":"http:\/\/www.zubieta.eus\/general\/aviso-legal\/","og_site_name":"Ayuntamiento de Zubieta","article_modified_time":"2017-03-28T11:57:21+00:00","twitter_card":"summary_large_image","twitter_misc":{"Tiempo de lectura":"8 minutos"},"schema":{"@context":"https:\/\/schema.org","@graph":[{"@type":"WebPage","@id":"http:\/\/www.zubieta.eus\/general\/aviso-legal\/","url":"http:\/\/www.zubieta.eus\/general\/aviso-legal\/","name":"Legezko AbisuaAviso Legal - Ayuntamiento de Zubieta","isPartOf":{"@id":"http:\/\/www.zubieta.eus\/#website"},"datePublished":"2013-02-08T12:37:07+00:00","dateModified":"2017-03-28T11:57:21+00:00","breadcrumb":{"@id":"http:\/\/www.zubieta.eus\/general\/aviso-legal\/#breadcrumb"},"inLanguage":"es","potentialAction":[{"@type":"ReadAction","target":["http:\/\/www.zubieta.eus\/general\/aviso-legal\/"]}]},{"@type":"BreadcrumbList","@id":"http:\/\/www.zubieta.eus\/general\/aviso-legal\/#breadcrumb","itemListElement":[{"@type":"ListItem","position":1,"name":"Portada","item":"http:\/\/www.zubieta.eus\/"},{"@type":"ListItem","position":2,"name":"general","item":"http:\/\/www.zubieta.eus\/general\/"},{"@type":"ListItem","position":3,"name":"Legezko Abisua"}]},{"@type":"WebSite","@id":"http:\/\/www.zubieta.eus\/#website","url":"http:\/\/www.zubieta.eus\/","name":"Ayuntamiento de Zubieta","description":"Sitio web del Ayuntamiento de Zubieta","potentialAction":[{"@type":"SearchAction","target":{"@type":"EntryPoint","urlTemplate":"http:\/\/www.zubieta.eus\/?s={search_term_string}"},"query-input":{"@type":"PropertyValueSpecification","valueRequired":true,"valueName":"search_term_string"}}],"inLanguage":"es"}]}},"_links":{"self":[{"href":"http:\/\/www.zubieta.eus\/es\/wp-json\/wp\/v2\/pages\/136","targetHints":{"allow":["GET"]}}],"collection":[{"href":"http:\/\/www.zubieta.eus\/es\/wp-json\/wp\/v2\/pages"}],"about":[{"href":"http:\/\/www.zubieta.eus\/es\/wp-json\/wp\/v2\/types\/page"}],"author":[{"embeddable":true,"href":"http:\/\/www.zubieta.eus\/es\/wp-json\/wp\/v2\/users\/2"}],"replies":[{"embeddable":true,"href":"http:\/\/www.zubieta.eus\/es\/wp-json\/wp\/v2\/comments?post=136"}],"version-history":[{"count":0,"href":"http:\/\/www.zubieta.eus\/es\/wp-json\/wp\/v2\/pages\/136\/revisions"}],"up":[{"embeddable":true,"href":"http:\/\/www.zubieta.eus\/es\/wp-json\/wp\/v2\/pages\/505"}],"wp:attachment":[{"href":"http:\/\/www.zubieta.eus\/es\/wp-json\/wp\/v2\/media?parent=136"}],"curies":[{"name":"wp","href":"https:\/\/api.w.org\/{rel}","templated":true}]}}