{"id":25,"date":"2012-03-02T11:19:03","date_gmt":"2012-03-02T11:19:03","guid":{"rendered":"http:\/\/ardanaz.concejos.animsa.es\/?page_id=25"},"modified":"2025-04-09T10:12:04","modified_gmt":"2025-04-09T08:12:04","slug":"area-privada","status":"publish","type":"page","link":"http:\/\/www.zubieta.eus\/es\/area-privada\/","title":{"rendered":"VIS\u00cdTANOS"},"content":{"rendered":"<p><\/p>\n<h1>D\u00d3NDE COMER Y DORMIR<\/h1>\n<p><strong>CASA RURAL FERMI\u00d1ENEA<\/strong><\/p>\n<ul>\n<li><strong>Tel\u00e9fono:<\/strong> 647 17 32 19<\/li>\n<li><strong>Pagina web: <a href=\"https:\/\/www.ferminenea.com\/reservas\/\">https:\/\/www.ferminenea.com\/reservas\/<\/a><\/strong><\/li>\n<li><strong>Gmail: <a href=\"mailto:info@ferminenea.com\">info@ferminenea.com<\/a><\/strong><\/li>\n<\/ul>\n<p><strong style=\"font-size: 14px\">CASA RURAL AXERBURU<\/strong><\/p>\n<ul>\n<li><strong>Tel\u00e9fono: <\/strong>696 31 73 37<\/li>\n<li><strong>Pagina web:<a href=\"https:\/\/www.casasrurales.net\/casas-rurales\/axerburu-landetxea--c60747\">https:\/\/www.casasrurales.net\/casas-rurales\/axerburu-landetxea&#8211;c60747<\/a><\/strong><\/li>\n<\/ul>\n<p><strong>HOSTAL &#8211; RESTAURANTE HERRIKO OSTATUA<\/strong><\/p>\n<ul>\n<li><strong>Direcci\u00f3n<\/strong> :\u00a0 Calle Mayor c.p. 31746 Zubieta (NAVARRA)<\/li>\n<li><strong>Tel\u00e9fono<\/strong>: 614 74 02 11<\/li>\n<li><strong>Pagina web:\u00a0 <a href=\"https:\/\/www.ostatuzubieta.com\/zubieta\">Zubieta | ZUBIETAKO OSTATUA (ostatuzubieta.com)<\/a><\/strong><\/li>\n<li><strong>Gmail<\/strong>:<\/li>\n<\/ul>\n<h1>COSTUMBRES Y FIESTAS<\/h1>\n<p>Las fiestas patronales del pueblo de Zubieta se celebran a partir del 15 de agosto de cada a\u00f1o, conocido como el d\u00eda de la Virgen.<\/p>\n<p>Pero quiz\u00e1 la fiesta m\u00e1s importante o conocida sea el Carnaval.<\/p>\n<p>Ituren y Zubieta celebran los carnavales conjuntamente. El lunes y martes de la \u00faltima semana de enero, los joaldunak de ambas localidades comienzan con el desfile, el lunes en Ituren y el martes en Zubieta, en torno al mediod\u00eda.<\/p>\n<p>El lunes, los joaldunak de Zubieta parten hacia Ituren. Son recibidos por los del barrio ittundarra de Aurtitz y juntos ir\u00e1n hacia el barrio de Latsaga, para, tras pasar sobre el puente de \u00abZubiburu\u00bb, juntarse con los de Ituren. En este punto comienza el desfile conjunto de unos cuarenta o cincuenta joaldunak (entre ochenta y cien cencerros) que, tras recorrer todo el n\u00facleo de Ituren, finaliza en la plaza del pueblo.<\/p>\n<p>Al d\u00eda siguiente, martes, son los de Ituren los que devuelven la visita a los de Zubieta.<\/p>\n<p>Los joaldunak desfilan en dos hileras, con movimientos r\u00edtmicos y acompasados, logrando hacer sonar sus cencerros al un\u00edsono.<\/p>\n<p>El desfile adquiere un aspecto ritual ligado \u00edntimamente a la naturaleza.<\/p>\n<p>Uno de los dos joaldun de la primera fila hace sonar intermitentemente un cuerno y lanza unos gritos que marcan, por decirlo as\u00ed, el ritmo del desfile.<\/p>\n<p>Se cree que el sonido r\u00edtmico y estremecedor que producen ahuyenta a los malos esp\u00edritus y despierta las energ\u00edas adormecidas de la tierra.<\/p>\n<p>Estos personajes est\u00e1n ataviados con abarcas, enaguas de puntillas, pieles de oveja sobre los hombros y la cintura, pa\u00f1uelos de colores al cuello, gorros c\u00f3nicos con cintas, un hisopo de crines de caballo en la mano y dos enormes cencerros atados a los ri\u00f1ones.<\/p>\n<p>Ituren y Zubieta, distantes entre s\u00ed en tres kil\u00f3metros, son los pueblos originarios de los joaldunak, aunque cada pueblo mantiene matices espec\u00edficos en la forma de hacerlos sonar y en la indumentaria del personaje.<\/p>\n<p>El 17 de enero es el d\u00eda de San Ant\u00f3n. Se celebra una misa en la ermita del mismo nombre y posteriormente un baile en la plaza del pueblo.<\/p>\n<h1>QU\u00c9 VISITAR<\/h1>\n<p>El principal punto de visitas del pueblo de Zubieta es el Molino o Errota.<\/p>\n<p>Construido en 1785 y cuidadosamente restaurado, el molino de Zubieta se mantiene funcionando hasta los tiempos actuales utilizando los m\u00e9todos tradicionales de la molienda.<\/p>\n<p>En la planta baja se encuentran los tres molinos en activo, dos dedicados a la molturaci\u00f3n del ma\u00edz y uno a la de trigo.<\/p>\n<p>El molino ofrece a sus visitantes la posibilidad de presenciar en directo el proceso de molturaci\u00f3n del ma\u00edz, ya que contin\u00faa siendo utilizado para su funci\u00f3n original.<\/p>\n<p>Tambi\u00e9n se visita una peque\u00f1a exposici\u00f3n de objetos etnogr\u00e1ficos de la localidad, relacionados con la artesan\u00eda de la madera, las labores agr\u00edcolas tradicionales y el famoso carnaval rural de Ituren-Zubieta.<\/p>\n<p>Tambi\u00e9n dispone de sala de proyecciones y tienda.<\/p>\n<p>Horario de visitas al molino:<\/p>\n<ul>\n<li>Mi\u00e9rcoles a domingo de 10:00 a 14:00. 16:00 a 17:30 Lunes y martes cerrado.<\/li>\n<\/ul>\n<p>Tel\u00e9fono: 948 45 19 26 &#8211; 624 40 66 07 \u00a0<a href=\"https:\/\/reservas.redexploranavarra.es\/esp-zubieta\">Reservas por internet\u00a0 <\/a><a title=\"web Molino\" href=\"http:\/\/www.zubietakoerrota.net\/es\/\" target=\"_blank\" rel=\"noopener\">web\u00a0<\/a><\/p>\n<p>Otro punto de inter\u00e9s es la parroquia de la Asunci\u00f3n, que se levanta sobre la silueta del pueblo.<\/p>\n<p>La ermita de San Antonio Abad es un edificio de amplias dimensiones que conserva en su interior la imagen de San Juan Bautista procedente de la desaparecida ermita del mismo nombre.<\/p>\n<p>Y para terminar, a la\u00a0entrada del pueblo se encuentra un antiguo lavadero recientemente reformado, que recuerda la tradicional forma de lavado que usaban nuestros ancestros.<\/p>\n<h1>RUTAS EN ZUBIETA<\/h1>\n<p>Si por algo se caracteriza Zubieta, es por el extenso patrimonio natural con el que cuenta. Aqu\u00ed nuestras propuestas para disfrutarlo realizando senderismo:<\/p>\n<ul>\n<li><em><a href=\"https:\/\/es.wikiloc.com\/rutas-senderismo\/aurkidiko-itzulia-18876236\">VUELTA DE AURKIDI.<\/a><\/em><\/li>\n<li><em><a href=\"https:\/\/es.wikiloc.com\/rutas-mountain-bike\/uraren-bidea-18986798\">CAMINO DEL AGUA.<\/a><\/em><\/li>\n<li><em><a href=\"https:\/\/es.wikiloc.com\/rutas-a-pie\/ameztiko-itzulia-18202161\">VUELTA DE AMEZTIA.<\/a><\/em><\/li>\n<li><a href=\"https:\/\/es.wikiloc.com\/rutas-a-pie\/mendrasako-itzulia-18202090\"><em>VUELTA DE MENDRASA.<\/em><\/a><\/li>\n<\/ul>\n<h5 style=\"text-align: center\"><a href=\"http:\/\/www.zubieta.eus\/wp-content\/uploads\/sites\/86\/2019\/05\/Aholkuak.pdf\" class=\"mtli_attachment mtli_pdf\">Consejos<\/a><\/h5>\n<p><\/p>","protected":false},"excerpt":{"rendered":"<p>D\u00d3NDE COMER Y DORMIR CASA RURAL FERMI\u00d1ENEA Tel\u00e9fono: 647 17 32 19 Pagina web: https:\/\/www.ferminenea.com\/reservas\/ Gmail: info@ferminenea.com CASA RURAL AXERBURU Tel\u00e9fono: 696 31 73 37 Pagina web:https:\/\/www.casasrurales.net\/casas-rurales\/axerburu-landetxea&#8211;c60747 HOSTAL &#8211; RESTAURANTE HERRIKO OSTATUA Direcci\u00f3n :\u00a0 Calle Mayor c.p. 31746 Zubieta (NAVARRA)&hellip; <\/p>\n","protected":false},"author":2,"featured_media":0,"parent":0,"menu_order":10,"comment_status":"closed","ping_status":"closed","template":"","meta":{"_monsterinsights_skip_tracking":false,"_monsterinsights_sitenote_active":false,"_monsterinsights_sitenote_note":"","_monsterinsights_sitenote_category":0,"footnotes":""},"class_list":["post-25","page","type-page","status-publish","hentry"],"yoast_head":"<!-- This site is optimized with the Yoast SEO plugin v26.8 - https:\/\/yoast.com\/product\/yoast-seo-wordpress\/ -->\r\n<title>VIS\u00cdTANOS - Ayuntamiento de Zubieta<\/title>\r\n<meta name=\"robots\" content=\"index, follow, max-snippet:-1, max-image-preview:large, max-video-preview:-1\" \/>\r\n<link rel=\"canonical\" href=\"http:\/\/www.zubieta.eus\/area-privada\/\" \/>\r\n<meta property=\"og:locale\" content=\"es_ES\" \/>\r\n<meta property=\"og:type\" content=\"article\" \/>\r\n<meta property=\"og:title\" content=\"[:eu]BISITA GAITZAZU[:es]VIS\u00cdTANOS[:] - Ayuntamiento de Zubieta\" \/>\r\n<meta property=\"og:description\" content=\"D\u00d3NDE COMER Y DORMIR CASA RURAL FERMI\u00d1ENEA Tel\u00e9fono: 647 17 32 19 Pagina web: https:\/\/www.ferminenea.com\/reservas\/ Gmail: info@ferminenea.com CASA RURAL AXERBURU Tel\u00e9fono: 696 31 73 37 Pagina web:https:\/\/www.casasrurales.net\/casas-rurales\/axerburu-landetxea&#8211;c60747 HOSTAL &#8211; RESTAURANTE HERRIKO OSTATUA Direcci\u00f3n :\u00a0 Calle Mayor c.p. 31746 Zubieta (NAVARRA)&hellip;\" \/>\r\n<meta property=\"og:url\" content=\"http:\/\/www.zubieta.eus\/area-privada\/\" \/>\r\n<meta property=\"og:site_name\" content=\"Ayuntamiento de Zubieta\" \/>\r\n<meta property=\"article:modified_time\" content=\"2025-04-09T08:12:04+00:00\" \/>\r\n<meta name=\"twitter:card\" content=\"summary_large_image\" \/>\r\n<meta name=\"twitter:label1\" content=\"Tiempo de lectura\" \/>\n\t<meta name=\"twitter:data1\" content=\"3 minutos\" \/>\r\n<script type=\"application\/ld+json\" class=\"yoast-schema-graph\">{\"@context\":\"https:\/\/schema.org\",\"@graph\":[{\"@type\":\"WebPage\",\"@id\":\"http:\/\/www.zubieta.eus\/area-privada\/\",\"url\":\"http:\/\/www.zubieta.eus\/area-privada\/\",\"name\":\"[:eu]BISITA GAITZAZU[:es]VIS\u00cdTANOS[:] - Ayuntamiento de Zubieta\",\"isPartOf\":{\"@id\":\"http:\/\/www.zubieta.eus\/#website\"},\"datePublished\":\"2012-03-02T11:19:03+00:00\",\"dateModified\":\"2025-04-09T08:12:04+00:00\",\"breadcrumb\":{\"@id\":\"http:\/\/www.zubieta.eus\/area-privada\/#breadcrumb\"},\"inLanguage\":\"es\",\"potentialAction\":[{\"@type\":\"ReadAction\",\"target\":[\"http:\/\/www.zubieta.eus\/area-privada\/\"]}]},{\"@type\":\"BreadcrumbList\",\"@id\":\"http:\/\/www.zubieta.eus\/area-privada\/#breadcrumb\",\"itemListElement\":[{\"@type\":\"ListItem\",\"position\":1,\"name\":\"Portada\",\"item\":\"http:\/\/www.zubieta.eus\/\"},{\"@type\":\"ListItem\",\"position\":2,\"name\":\"VIS\u00cdTANOS\"}]},{\"@type\":\"WebSite\",\"@id\":\"http:\/\/www.zubieta.eus\/#website\",\"url\":\"http:\/\/www.zubieta.eus\/\",\"name\":\"Ayuntamiento de Zubieta\",\"description\":\"Sitio web del Ayuntamiento de Zubieta\",\"potentialAction\":[{\"@type\":\"SearchAction\",\"target\":{\"@type\":\"EntryPoint\",\"urlTemplate\":\"http:\/\/www.zubieta.eus\/?s={search_term_string}\"},\"query-input\":{\"@type\":\"PropertyValueSpecification\",\"valueRequired\":true,\"valueName\":\"search_term_string\"}}],\"inLanguage\":\"es\"}]}<\/script>\r\n<!-- \/ Yoast SEO plugin. -->","yoast_head_json":{"title":"[:eu]BISITA GAITZAZU[:es]VIS\u00cdTANOS[:] - Ayuntamiento de Zubieta","robots":{"index":"index","follow":"follow","max-snippet":"max-snippet:-1","max-image-preview":"max-image-preview:large","max-video-preview":"max-video-preview:-1"},"canonical":"http:\/\/www.zubieta.eus\/area-privada\/","og_locale":"es_ES","og_type":"article","og_title":"[:eu]BISITA GAITZAZU[:es]VIS\u00cdTANOS[:] - Ayuntamiento de Zubieta","og_description":"D\u00d3NDE COMER Y DORMIR CASA RURAL FERMI\u00d1ENEA Tel\u00e9fono: 647 17 32 19 Pagina web: https:\/\/www.ferminenea.com\/reservas\/ Gmail: info@ferminenea.com CASA RURAL AXERBURU Tel\u00e9fono: 696 31 73 37 Pagina web:https:\/\/www.casasrurales.net\/casas-rurales\/axerburu-landetxea&#8211;c60747 HOSTAL &#8211; RESTAURANTE HERRIKO OSTATUA Direcci\u00f3n :\u00a0 Calle Mayor c.p. 31746 Zubieta (NAVARRA)&hellip;","og_url":"http:\/\/www.zubieta.eus\/area-privada\/","og_site_name":"Ayuntamiento de Zubieta","article_modified_time":"2025-04-09T08:12:04+00:00","twitter_card":"summary_large_image","twitter_misc":{"Tiempo de lectura":"3 minutos"},"schema":{"@context":"https:\/\/schema.org","@graph":[{"@type":"WebPage","@id":"http:\/\/www.zubieta.eus\/area-privada\/","url":"http:\/\/www.zubieta.eus\/area-privada\/","name":"[:eu]BISITA GAITZAZU[:es]VIS\u00cdTANOS[:] - Ayuntamiento de Zubieta","isPartOf":{"@id":"http:\/\/www.zubieta.eus\/#website"},"datePublished":"2012-03-02T11:19:03+00:00","dateModified":"2025-04-09T08:12:04+00:00","breadcrumb":{"@id":"http:\/\/www.zubieta.eus\/area-privada\/#breadcrumb"},"inLanguage":"es","potentialAction":[{"@type":"ReadAction","target":["http:\/\/www.zubieta.eus\/area-privada\/"]}]},{"@type":"BreadcrumbList","@id":"http:\/\/www.zubieta.eus\/area-privada\/#breadcrumb","itemListElement":[{"@type":"ListItem","position":1,"name":"Portada","item":"http:\/\/www.zubieta.eus\/"},{"@type":"ListItem","position":2,"name":"VIS\u00cdTANOS"}]},{"@type":"WebSite","@id":"http:\/\/www.zubieta.eus\/#website","url":"http:\/\/www.zubieta.eus\/","name":"Ayuntamiento de Zubieta","description":"Sitio web del Ayuntamiento de Zubieta","potentialAction":[{"@type":"SearchAction","target":{"@type":"EntryPoint","urlTemplate":"http:\/\/www.zubieta.eus\/?s={search_term_string}"},"query-input":{"@type":"PropertyValueSpecification","valueRequired":true,"valueName":"search_term_string"}}],"inLanguage":"es"}]}},"_links":{"self":[{"href":"http:\/\/www.zubieta.eus\/es\/wp-json\/wp\/v2\/pages\/25","targetHints":{"allow":["GET"]}}],"collection":[{"href":"http:\/\/www.zubieta.eus\/es\/wp-json\/wp\/v2\/pages"}],"about":[{"href":"http:\/\/www.zubieta.eus\/es\/wp-json\/wp\/v2\/types\/page"}],"author":[{"embeddable":true,"href":"http:\/\/www.zubieta.eus\/es\/wp-json\/wp\/v2\/users\/2"}],"replies":[{"embeddable":true,"href":"http:\/\/www.zubieta.eus\/es\/wp-json\/wp\/v2\/comments?post=25"}],"version-history":[{"count":18,"href":"http:\/\/www.zubieta.eus\/es\/wp-json\/wp\/v2\/pages\/25\/revisions"}],"predecessor-version":[{"id":8966,"href":"http:\/\/www.zubieta.eus\/es\/wp-json\/wp\/v2\/pages\/25\/revisions\/8966"}],"wp:attachment":[{"href":"http:\/\/www.zubieta.eus\/es\/wp-json\/wp\/v2\/media?parent=25"}],"curies":[{"name":"wp","href":"https:\/\/api.w.org\/{rel}","templated":true}]}}