{"id":6,"date":"2012-03-01T13:01:41","date_gmt":"2012-03-01T13:01:41","guid":{"rendered":"http:\/\/ardanaz.concejos.animsa.es\/?page_id=5"},"modified":"2024-04-17T10:55:08","modified_gmt":"2024-04-17T08:55:08","slug":"araitz","status":"publish","type":"page","link":"http:\/\/www.zubieta.eus\/es\/araitz\/","title":{"rendered":"ZUBIETA"},"content":{"rendered":"<p><\/p>\n<ul>\n<li><strong>Comunidad Aut\u00f3noma:<\/strong> Comunidad Foral de Navarra.<\/li>\n<li><strong>Provincia:<\/strong> Navarra.<\/li>\n<li><strong>Categor\u00eda Hist\u00f3rica:<\/strong> Villa.<\/li>\n<li><strong>Categor\u00eda Administrativa:<\/strong> Municipio.<\/li>\n<li><strong>Partido Judicial:<\/strong> Pamplona.<\/li>\n<li><strong>Merindad:<\/strong> Pamplona.<\/li>\n<li><strong>Comarca Geogr\u00e1fica:<\/strong> Bidasoa.<\/li>\n<li><strong>Poblaci\u00f3n a 01-01-2013<\/strong>: 316.<\/li>\n<li><strong>Superficie:<\/strong>18 km\u00b2.<\/li>\n<li><strong>Densidad de Poblaci\u00f3n<\/strong>: 17,55 habitantes\/km\u00b2.<\/li>\n<li><strong>Altitud en el Ayuntamiento<\/strong>: 210 metros.<\/li>\n<li><strong>Distancia a Pamplona<\/strong>: 60 km.<\/li>\n<li><strong>Comunicaciones\/Carreteras de Acceso:<\/strong> Se encuentra situado en la carretera comarcal NA-170, Lekunberri-Leitza-Santesteban.<\/li>\n<li><strong>Gentilicio<\/strong>: Zubitarra.<\/li>\n<li><strong>Otros datos econ\u00f3micos y sociales:<\/strong> Estudio de Caja Espa\u00f1a.<\/li>\n<\/ul>\n<h1>ENCLAVE<\/h1>\n<p>Zubieta es un pueblo situado en la parte denominada geogr\u00e1ficamente Navarra H\u00fameda del Noroeste, dentro del valle hist\u00f3rico de Santesteban de Ler\u00edn, que actualmente conforma el valle de Malerreka. Se encuentra en la carretera comarcal NA-170 que une Lekunberri con Doneztebe \/ Santesteban.<\/p>\n<p>La localidad cuenta con cinco n\u00facleos dispersos de poblaci\u00f3n fuera del n\u00facleo urbano: Ameztia, Aurkidi, Azkota, Mendrasa y Sarekoa. Topogr\u00e1ficamente, Zubieta se halla emplazado en ladera descendente hasta el r\u00edo. Su configuraci\u00f3n no es muy clara, aunque, tal vez, partiendo del centro del n\u00facleo urbano donde se hallan el Ayuntamiento, la plaza y el front\u00f3n, podr\u00eda decirse que ha podido ser constru\u00eddo en estrella.<\/p>\n<h1>PAISAJE<\/h1>\n<p>Zubieta est\u00e1 ubicado en la cuenca de Ezkurra, que es una de las t\u00edpicas depresiones de la Navarra H\u00fameda del Noroeste. Se caracteriza por formar un pasillo estrecho y trazado zigzagueante, especialmente en Zubieta, a partir de cuyo n\u00facleo urbano comienza a abrirse coincidiendo con el inicio de la terraza fluvial del r\u00edo Ezkurra.<\/p>\n<p>La cumbre m\u00e1s alta de este municipio se encuentra a 713 metros, en el monte Ameztia, que va descendiendo gradualmente en direcci\u00f3n\u00a0Oeste a Este\u00a0hasta llegar a los 125 metros que marca el cauce de los r\u00edos Ezkurra y Ezpelura. Como es de esperar, en el contraste de estas alturas encontramos marcados desniveles y acentuados barrancos, acompa\u00f1ados de numerosas regatas en sentido perpendicular a los r\u00edos Ezkurra y Baztan-Bidasoa, en los que vierten sus aguas.<\/p>\n<h1>VEGETACI\u00d3N<\/h1>\n<p>En los montes y alrededores de Zubieta podemos encontrar una gran variedad de especies, de entre los que hay que destacar:<\/p>\n<ul>\n<li>El roble y el casta\u00f1o, especies que m\u00e1s afloran en la zona.<\/li>\n<li>El haya, que tiene una presencia importante.<\/li>\n<li>El roble pirenaico y el fresno, son especies que se ven en menor cantidad.<\/li>\n<li>El pino insigne y el roble americano, especies en repoblaci\u00f3n.<\/li>\n<\/ul>\n<p>En las superficies exentas de arbolado, las vegetaciones que afloran son los helechales, praderas naturales, pastizales y matorrales entre otros.<\/p>\n<h1>CLIMA<\/h1>\n<p>El clima de esta zona es de car\u00e1cter templado-oce\u00e1nico debido a factores latitudinales de proximidad al Oc\u00e9ano Atl\u00e1ntico.<\/p>\n<p>La caracter\u00edstica clim\u00e1tica m\u00e1s evidente es la elevada pluviometr\u00eda, repartida de forma regular a lo largo del a\u00f1o.<\/p>\n<p>Todo el t\u00e9rmino se encuentra en el paso de las borrascas de procedencia atl\u00e1ntica y \u00e9stas son tambi\u00e9n activas durante el verano; por tanto, no se aprecia periodo de sequ\u00eda alguno. Los valores pluviom\u00e9tricos oscilan alrededor de los 1.800 <abbr title=\"mil\u00edmetros\">mm<\/abbr>, ca\u00eddos en unos 180 d\u00edas de precipitaci\u00f3n, siendo enero el mes m\u00e1s lluvioso, con 225,8 mm.<\/p>\n<p>La temperatura media anual es de 13,8 <abbr title=\"grados Cent\u00edgrados\">\u00baC<\/abbr>, siendo enero el mes m\u00e1s fr\u00edo con 6,7 grados de media. En contraste, el mes m\u00e1s c\u00e1lido es julio, con 21,5 \u00baC de media.<\/p>\n<h1>HISTORIA<\/h1>\n<div id=\"contenido\">\n<p>La tierra de Ler\u00edn, bajo el reinado de Sancho Garc\u00e9s IV en los a\u00f1os 1054-1076, es la primera referencia hist\u00f3rica conocida de la zona del norte de Navarra.<\/p>\n<p>M\u00e1s adelante, en la Edad Media, el territorio se organiza en valles, surgiendo as\u00ed el Valle de Baztan, Santesteban de Ler\u00edn, Basaburua y Bortziriak \/ Cinco Villas.<\/p>\n<p>El valle de Santesteban de Ler\u00edn ten\u00eda como cabecera la villa del mismo nombre, que en el a\u00f1o 1421 fue aforada por el Rey Carlos III el Noble con el fuero de Pamplona, adquiriendo m\u00e1s tarde la asignaci\u00f3n de \u00abbuena villa\u00bb con asiento en Cortes.<\/p>\n<p>El valle de Santesteban de Ler\u00edn estaba compuesto por diversos pueblos, que poco a poco se fueron separando.<\/p>\n<p>En 1630 los pueblos de Legasa, Narbarte, Oieregi y Oteitza se separaron, convirti\u00e9ndose en el valle de Bertizarana.<\/p>\n<p>Hacia 1665, y tras adquirir el t\u00edtulo de villa, Sunbilla tambi\u00e9n se separ\u00f3 del valle de Santesteban de Ler\u00edn.<\/p>\n<p>El resto de pueblos permaneci\u00f3 unido hasta 1845, habiendo obtenido la categor\u00eda de villa los pueblos de Ituren (a primeros del\u00a0siglo\u00a0XVII) y Zubieta (en 1704).<\/p>\n<p>En la actualidad esta zona es conocida como Malerreka, siendo el \u00e1mbito geografico m\u00e1s extenso que el de los pueblos que integraban el valle hist\u00f3rico. Las villas y lugares quedan definidos bajo la categor\u00eda de municipios con Ayuntamiento propio.<\/p>\n<p>Las reuniones concejiles o batzarres de Zubieta, se celebraban desde antiguo en la iglesia parroquial, en el manzanal situado en su entorno o en los lagares. Es en el siglo XVIII cuando se comienza a utilizar para tal fin la casa concejil, que fue reedificada en los a\u00f1os 1682 y 1723.<\/p>\n<\/div>\n<p><\/p>","protected":false},"excerpt":{"rendered":"<p>Comunidad Aut\u00f3noma: Comunidad Foral de Navarra. Provincia: Navarra. Categor\u00eda Hist\u00f3rica: Villa. Categor\u00eda Administrativa: Municipio. Partido Judicial: Pamplona. Merindad: Pamplona. Comarca Geogr\u00e1fica: Bidasoa. Poblaci\u00f3n a 01-01-2013: 316. Superficie:18 km\u00b2. Densidad de Poblaci\u00f3n: 17,55 habitantes\/km\u00b2. Altitud en el Ayuntamiento: 210 metros. Distancia&hellip; <\/p>\n","protected":false},"author":2,"featured_media":0,"parent":0,"menu_order":4,"comment_status":"closed","ping_status":"closed","template":"","meta":{"_monsterinsights_skip_tracking":false,"_monsterinsights_sitenote_active":false,"_monsterinsights_sitenote_note":"","_monsterinsights_sitenote_category":0,"footnotes":""},"class_list":["post-6","page","type-page","status-publish","hentry"],"yoast_head":"<!-- This site is optimized with the Yoast SEO plugin v26.8 - https:\/\/yoast.com\/product\/yoast-seo-wordpress\/ -->\r\n<title>ZUBIETA - Ayuntamiento de Zubieta<\/title>\r\n<meta name=\"robots\" content=\"index, follow, max-snippet:-1, max-image-preview:large, max-video-preview:-1\" \/>\r\n<link rel=\"canonical\" href=\"http:\/\/www.zubieta.eus\/araitz\/\" \/>\r\n<meta property=\"og:locale\" content=\"es_ES\" \/>\r\n<meta property=\"og:type\" content=\"article\" \/>\r\n<meta property=\"og:title\" content=\"ZUBIETA - Ayuntamiento de Zubieta\" \/>\r\n<meta property=\"og:description\" content=\"Comunidad Aut\u00f3noma: Comunidad Foral de Navarra. Provincia: Navarra. Categor\u00eda Hist\u00f3rica: Villa. Categor\u00eda Administrativa: Municipio. Partido Judicial: Pamplona. Merindad: Pamplona. Comarca Geogr\u00e1fica: Bidasoa. Poblaci\u00f3n a 01-01-2013: 316. Superficie:18 km\u00b2. Densidad de Poblaci\u00f3n: 17,55 habitantes\/km\u00b2. Altitud en el Ayuntamiento: 210 metros. Distancia&hellip;\" \/>\r\n<meta property=\"og:url\" content=\"http:\/\/www.zubieta.eus\/araitz\/\" \/>\r\n<meta property=\"og:site_name\" content=\"Ayuntamiento de Zubieta\" \/>\r\n<meta property=\"article:modified_time\" content=\"2024-04-17T08:55:08+00:00\" \/>\r\n<meta name=\"twitter:card\" content=\"summary_large_image\" \/>\r\n<meta name=\"twitter:label1\" content=\"Tiempo de lectura\" \/>\n\t<meta name=\"twitter:data1\" content=\"3 minutos\" \/>\r\n<script type=\"application\/ld+json\" class=\"yoast-schema-graph\">{\"@context\":\"https:\/\/schema.org\",\"@graph\":[{\"@type\":\"WebPage\",\"@id\":\"http:\/\/www.zubieta.eus\/araitz\/\",\"url\":\"http:\/\/www.zubieta.eus\/araitz\/\",\"name\":\"ZUBIETA - Ayuntamiento de Zubieta\",\"isPartOf\":{\"@id\":\"http:\/\/www.zubieta.eus\/#website\"},\"datePublished\":\"2012-03-01T13:01:41+00:00\",\"dateModified\":\"2024-04-17T08:55:08+00:00\",\"breadcrumb\":{\"@id\":\"http:\/\/www.zubieta.eus\/araitz\/#breadcrumb\"},\"inLanguage\":\"es\",\"potentialAction\":[{\"@type\":\"ReadAction\",\"target\":[\"http:\/\/www.zubieta.eus\/araitz\/\"]}]},{\"@type\":\"BreadcrumbList\",\"@id\":\"http:\/\/www.zubieta.eus\/araitz\/#breadcrumb\",\"itemListElement\":[{\"@type\":\"ListItem\",\"position\":1,\"name\":\"Portada\",\"item\":\"http:\/\/www.zubieta.eus\/\"},{\"@type\":\"ListItem\",\"position\":2,\"name\":\"ZUBIETA\"}]},{\"@type\":\"WebSite\",\"@id\":\"http:\/\/www.zubieta.eus\/#website\",\"url\":\"http:\/\/www.zubieta.eus\/\",\"name\":\"Ayuntamiento de Zubieta\",\"description\":\"Sitio web del Ayuntamiento de Zubieta\",\"potentialAction\":[{\"@type\":\"SearchAction\",\"target\":{\"@type\":\"EntryPoint\",\"urlTemplate\":\"http:\/\/www.zubieta.eus\/?s={search_term_string}\"},\"query-input\":{\"@type\":\"PropertyValueSpecification\",\"valueRequired\":true,\"valueName\":\"search_term_string\"}}],\"inLanguage\":\"es\"}]}<\/script>\r\n<!-- \/ Yoast SEO plugin. -->","yoast_head_json":{"title":"ZUBIETA - Ayuntamiento de Zubieta","robots":{"index":"index","follow":"follow","max-snippet":"max-snippet:-1","max-image-preview":"max-image-preview:large","max-video-preview":"max-video-preview:-1"},"canonical":"http:\/\/www.zubieta.eus\/araitz\/","og_locale":"es_ES","og_type":"article","og_title":"ZUBIETA - Ayuntamiento de Zubieta","og_description":"Comunidad Aut\u00f3noma: Comunidad Foral de Navarra. Provincia: Navarra. Categor\u00eda Hist\u00f3rica: Villa. Categor\u00eda Administrativa: Municipio. Partido Judicial: Pamplona. Merindad: Pamplona. Comarca Geogr\u00e1fica: Bidasoa. Poblaci\u00f3n a 01-01-2013: 316. Superficie:18 km\u00b2. Densidad de Poblaci\u00f3n: 17,55 habitantes\/km\u00b2. Altitud en el Ayuntamiento: 210 metros. Distancia&hellip;","og_url":"http:\/\/www.zubieta.eus\/araitz\/","og_site_name":"Ayuntamiento de Zubieta","article_modified_time":"2024-04-17T08:55:08+00:00","twitter_card":"summary_large_image","twitter_misc":{"Tiempo de lectura":"3 minutos"},"schema":{"@context":"https:\/\/schema.org","@graph":[{"@type":"WebPage","@id":"http:\/\/www.zubieta.eus\/araitz\/","url":"http:\/\/www.zubieta.eus\/araitz\/","name":"ZUBIETA - Ayuntamiento de Zubieta","isPartOf":{"@id":"http:\/\/www.zubieta.eus\/#website"},"datePublished":"2012-03-01T13:01:41+00:00","dateModified":"2024-04-17T08:55:08+00:00","breadcrumb":{"@id":"http:\/\/www.zubieta.eus\/araitz\/#breadcrumb"},"inLanguage":"es","potentialAction":[{"@type":"ReadAction","target":["http:\/\/www.zubieta.eus\/araitz\/"]}]},{"@type":"BreadcrumbList","@id":"http:\/\/www.zubieta.eus\/araitz\/#breadcrumb","itemListElement":[{"@type":"ListItem","position":1,"name":"Portada","item":"http:\/\/www.zubieta.eus\/"},{"@type":"ListItem","position":2,"name":"ZUBIETA"}]},{"@type":"WebSite","@id":"http:\/\/www.zubieta.eus\/#website","url":"http:\/\/www.zubieta.eus\/","name":"Ayuntamiento de Zubieta","description":"Sitio web del Ayuntamiento de Zubieta","potentialAction":[{"@type":"SearchAction","target":{"@type":"EntryPoint","urlTemplate":"http:\/\/www.zubieta.eus\/?s={search_term_string}"},"query-input":{"@type":"PropertyValueSpecification","valueRequired":true,"valueName":"search_term_string"}}],"inLanguage":"es"}]}},"_links":{"self":[{"href":"http:\/\/www.zubieta.eus\/es\/wp-json\/wp\/v2\/pages\/6","targetHints":{"allow":["GET"]}}],"collection":[{"href":"http:\/\/www.zubieta.eus\/es\/wp-json\/wp\/v2\/pages"}],"about":[{"href":"http:\/\/www.zubieta.eus\/es\/wp-json\/wp\/v2\/types\/page"}],"author":[{"embeddable":true,"href":"http:\/\/www.zubieta.eus\/es\/wp-json\/wp\/v2\/users\/2"}],"replies":[{"embeddable":true,"href":"http:\/\/www.zubieta.eus\/es\/wp-json\/wp\/v2\/comments?post=6"}],"version-history":[{"count":1,"href":"http:\/\/www.zubieta.eus\/es\/wp-json\/wp\/v2\/pages\/6\/revisions"}],"predecessor-version":[{"id":8772,"href":"http:\/\/www.zubieta.eus\/es\/wp-json\/wp\/v2\/pages\/6\/revisions\/8772"}],"wp:attachment":[{"href":"http:\/\/www.zubieta.eus\/es\/wp-json\/wp\/v2\/media?parent=6"}],"curies":[{"name":"wp","href":"https:\/\/api.w.org\/{rel}","templated":true}]}}